{"id":2838,"date":"2022-10-14T07:16:46","date_gmt":"2022-10-14T05:16:46","guid":{"rendered":"https:\/\/ecosystema.fr\/?page_id=2838"},"modified":"2022-10-15T06:56:25","modified_gmt":"2022-10-15T04:56:25","slug":"mes-favoris","status":"publish","type":"page","link":"https:\/\/ecosystema.fr\/index.php\/bienvenue-sur-ecosystema-fr-septentrionalis-depuis-1999\/mes-favoris\/","title":{"rendered":"Mes Favoris"},"content":{"rendered":"\n<figure class=\"wp-block-image size-large is-style-rounded\"><a href=\"https:\/\/ecosystema.fr\/wp-content\/uploads\/2022\/10\/31082022_glb6848-1024x681.jpg\" target=\"_blank\" rel=\"www.ecosystema.fr noopener\"><img loading=\"lazy\" decoding=\"async\" width=\"1024\" height=\"681\" src=\"https:\/\/ecosystema.fr\/wp-content\/uploads\/2022\/10\/31082022_glb6848-1024x681.jpg\" alt=\"\" class=\"wp-image-2826\" srcset=\"https:\/\/ecosystema.fr\/wp-content\/uploads\/2022\/10\/31082022_glb6848-1024x681.jpg 1024w, https:\/\/ecosystema.fr\/wp-content\/uploads\/2022\/10\/31082022_glb6848-300x200.jpg 300w, https:\/\/ecosystema.fr\/wp-content\/uploads\/2022\/10\/31082022_glb6848-768x511.jpg 768w, https:\/\/ecosystema.fr\/wp-content\/uploads\/2022\/10\/31082022_glb6848-1536x1022.jpg 1536w, https:\/\/ecosystema.fr\/wp-content\/uploads\/2022\/10\/31082022_glb6848-2048x1363.jpg 2048w, https:\/\/ecosystema.fr\/wp-content\/uploads\/2022\/10\/31082022_glb6848-809x538.jpg 809w\" sizes=\"auto, (max-width: 1024px) 100vw, 1024px\" \/><\/a><figcaption class=\"wp-element-caption\">Ecosystema le site nature, environnement et \u00e9cologie scientifique<\/figcaption><\/figure>\n\n\n\n<hr class=\"wp-block-separator has-alpha-channel-opacity\"\/>\n\n\n\n<p class=\"has-text-align-center\">Ici une une liste d\u2019articles qui me tiennent \u00e0 c\u0153ur.<\/p>\n\n\n\n<div style=\"aspect-ratio:unset;\" class=\"wp-block-cover alignfull\"><span aria-hidden=\"true\" class=\"wp-block-cover__background has-foreground-background-color has-background-dim-40 has-background-dim\"><\/span><img loading=\"lazy\" decoding=\"async\" width=\"1024\" height=\"681\" class=\"wp-block-cover__image-background wp-image-2851\" alt=\"\" src=\"https:\/\/ecosystema.fr\/wp-content\/uploads\/2022\/10\/12072022_glb6816-1024x681.jpg\" data-object-fit=\"cover\" srcset=\"https:\/\/ecosystema.fr\/wp-content\/uploads\/2022\/10\/12072022_glb6816-1024x681.jpg 1024w, https:\/\/ecosystema.fr\/wp-content\/uploads\/2022\/10\/12072022_glb6816-300x200.jpg 300w, https:\/\/ecosystema.fr\/wp-content\/uploads\/2022\/10\/12072022_glb6816-768x511.jpg 768w, https:\/\/ecosystema.fr\/wp-content\/uploads\/2022\/10\/12072022_glb6816-1536x1022.jpg 1536w, https:\/\/ecosystema.fr\/wp-content\/uploads\/2022\/10\/12072022_glb6816-2048x1363.jpg 2048w, https:\/\/ecosystema.fr\/wp-content\/uploads\/2022\/10\/12072022_glb6816-809x538.jpg 809w\" sizes=\"auto, (max-width: 1024px) 100vw, 1024px\" \/><div class=\"wp-block-cover__inner-container is-layout-flow wp-block-cover-is-layout-flow\">\n<h3 class=\"has-text-align-center margin-bottom-half has-background-color has-text-color wp-block-heading\" style=\"font-size:35px;line-height:1.26\">\u00c9cologie \/ Oc\u00e9anographies \/ zone interdinale<\/h3>\n\n\n\n<p class=\"has-text-align-center margin-top-half has-background-color has-text-color\" style=\"font-size:17px;line-height:1.65\">L\u2019\u00e9tagement des algues sur le littoral Breton &#8211; CEINTURES ALGALES POUR LES MILIEUX CLAIRS<\/p>\n<\/div><\/div>\n\n\n\n<hr class=\"wp-block-separator has-alpha-channel-opacity\"\/>\n\n\n\n<div class=\"wp-block-buttons is-layout-flex wp-block-buttons-is-layout-flex\">\n<div class=\"wp-block-button\"><a class=\"wp-block-button__link has-light-green-cyan-background-color has-background wp-element-button\" href=\"https:\/\/ecosystema.fr\/index.php\/2022\/10\/14\/letagement-des-algues-sur-le-littoral-breton\/\" rel=\"\">Acc\u00e9der \u00e0 l\u2019article<\/a><\/div>\n<\/div>\n\n\n\n<div style=\"height:30px\" aria-hidden=\"true\" class=\"wp-block-spacer\"><\/div>\n\n\n\n<div style=\"aspect-ratio:unset;\" class=\"wp-block-cover alignfull\"><span aria-hidden=\"true\" class=\"wp-block-cover__background has-foreground-background-color has-background-dim-40 has-background-dim\"><\/span><img loading=\"lazy\" decoding=\"async\" width=\"1024\" height=\"681\" class=\"wp-block-cover__image-background wp-image-2832\" alt=\"\" src=\"https:\/\/ecosystema.fr\/wp-content\/uploads\/2022\/10\/31082022_glb6838-1024x681.jpg\" data-object-fit=\"cover\" srcset=\"https:\/\/ecosystema.fr\/wp-content\/uploads\/2022\/10\/31082022_glb6838-1024x681.jpg 1024w, https:\/\/ecosystema.fr\/wp-content\/uploads\/2022\/10\/31082022_glb6838-300x200.jpg 300w, https:\/\/ecosystema.fr\/wp-content\/uploads\/2022\/10\/31082022_glb6838-768x511.jpg 768w, https:\/\/ecosystema.fr\/wp-content\/uploads\/2022\/10\/31082022_glb6838-1536x1022.jpg 1536w, https:\/\/ecosystema.fr\/wp-content\/uploads\/2022\/10\/31082022_glb6838-2048x1363.jpg 2048w, https:\/\/ecosystema.fr\/wp-content\/uploads\/2022\/10\/31082022_glb6838-809x538.jpg 809w\" sizes=\"auto, (max-width: 1024px) 100vw, 1024px\" \/><div class=\"wp-block-cover__inner-container is-layout-flow wp-block-cover-is-layout-flow\">\n<h3 class=\"has-text-align-center margin-bottom-half has-background-color has-text-color wp-block-heading\" style=\"font-size:35px;line-height:1.26\">\u00c9cologie \/ Habitat d\u2019int\u00e9r\u00eat europ\u00e9en<\/h3>\n\n\n\n<p class=\"has-text-align-center margin-top-half has-background-color has-text-color\" style=\"font-size:17px;line-height:1.65\">V\u00e9g\u00e9tation amphibie \u00e0 Littorelle des \u00e9tangs et Baldellie fausse-renoncule rampante<\/p>\n<\/div><\/div>\n\n\n\n<hr class=\"wp-block-separator has-alpha-channel-opacity\"\/>\n\n\n\n<div class=\"wp-block-buttons is-layout-flex wp-block-buttons-is-layout-flex\">\n<div class=\"wp-block-button\"><a class=\"wp-block-button__link has-light-green-cyan-background-color has-background wp-element-button\" href=\"https:\/\/ecosystema.fr\/index.php\/2022\/09\/18\/vegetation-amphibie-a-littorelle-des-etangs-et-baldellie-fausse-renoncule-rampante\/\" rel=\"\">Acc\u00e9der \u00e0 l\u2019article<\/a><\/div>\n<\/div>\n\n\n\n<div style=\"height:30px\" aria-hidden=\"true\" class=\"wp-block-spacer\"><\/div>\n\n\n\n<div class=\"wp-block-cover alignfull\"><span aria-hidden=\"true\" class=\"wp-block-cover__background has-foreground-background-color has-background-dim-40 has-background-dim\"><\/span><img loading=\"lazy\" decoding=\"async\" width=\"1024\" height=\"787\" class=\"wp-block-cover__image-background wp-image-2835\" alt=\"\" src=\"https:\/\/ecosystema.fr\/wp-content\/uploads\/2022\/10\/img_0237-1024x787.jpg\" data-object-fit=\"cover\" srcset=\"https:\/\/ecosystema.fr\/wp-content\/uploads\/2022\/10\/img_0237-1024x787.jpg 1024w, https:\/\/ecosystema.fr\/wp-content\/uploads\/2022\/10\/img_0237-300x230.jpg 300w, https:\/\/ecosystema.fr\/wp-content\/uploads\/2022\/10\/img_0237-768x590.jpg 768w, https:\/\/ecosystema.fr\/wp-content\/uploads\/2022\/10\/img_0237-809x621.jpg 809w, https:\/\/ecosystema.fr\/wp-content\/uploads\/2022\/10\/img_0237.jpg 1363w\" sizes=\"auto, (max-width: 1024px) 100vw, 1024px\" \/><div class=\"wp-block-cover__inner-container is-layout-flow wp-block-cover-is-layout-flow\">\n<h3 class=\"has-text-align-center margin-bottom-half has-background-color has-text-color wp-block-heading\" style=\"font-size:35px;line-height:1.26\">Entomologie \/ Orthopt\u00e8res<\/h3>\n\n\n\n<p class=\"has-text-align-center margin-top-half has-background-color has-text-color\" style=\"font-size:17px;line-height:1.65\">Les Chorthippus dur dur ! Par le dessin scientifique<\/p>\n<\/div><\/div>\n\n\n\n<hr class=\"wp-block-separator has-alpha-channel-opacity\"\/>\n\n\n\n<div class=\"wp-block-buttons is-layout-flex wp-block-buttons-is-layout-flex\">\n<div class=\"wp-block-button\"><a class=\"wp-block-button__link has-light-green-cyan-background-color has-background wp-element-button\" href=\"https:\/\/ecosystema.fr\/index.php\/2009\/09\/13\/les-chorthippus-dur-dur\/\" rel=\"\">Acc\u00e9der \u00e0 l\u2019article<\/a><\/div>\n<\/div>\n\n\n\n<div style=\"height:30px\" aria-hidden=\"true\" class=\"wp-block-spacer\"><\/div>\n\n\n\n<div class=\"wp-block-cover alignfull\"><span aria-hidden=\"true\" class=\"wp-block-cover__background has-foreground-background-color has-background-dim-40 has-background-dim\"><\/span><img loading=\"lazy\" decoding=\"async\" width=\"1024\" height=\"681\" class=\"wp-block-cover__image-background wp-image-2836\" alt=\"\" src=\"https:\/\/ecosystema.fr\/wp-content\/uploads\/2022\/10\/02102022_glb6987-1-1024x681.jpg\" data-object-fit=\"cover\" srcset=\"https:\/\/ecosystema.fr\/wp-content\/uploads\/2022\/10\/02102022_glb6987-1-1024x681.jpg 1024w, https:\/\/ecosystema.fr\/wp-content\/uploads\/2022\/10\/02102022_glb6987-1-300x200.jpg 300w, https:\/\/ecosystema.fr\/wp-content\/uploads\/2022\/10\/02102022_glb6987-1-768x511.jpg 768w, https:\/\/ecosystema.fr\/wp-content\/uploads\/2022\/10\/02102022_glb6987-1-1536x1022.jpg 1536w, https:\/\/ecosystema.fr\/wp-content\/uploads\/2022\/10\/02102022_glb6987-1-2048x1363.jpg 2048w, https:\/\/ecosystema.fr\/wp-content\/uploads\/2022\/10\/02102022_glb6987-1-809x538.jpg 809w\" sizes=\"auto, (max-width: 1024px) 100vw, 1024px\" \/><div class=\"wp-block-cover__inner-container is-layout-flow wp-block-cover-is-layout-flow\">\n<h3 class=\"has-text-align-center margin-bottom-half has-background-color has-text-color wp-block-heading\" style=\"font-size:35px;line-height:1.26\">Mycologie \/ Fungi du Massif Armoricain<\/h3>\n\n\n\n<p class=\"has-text-align-center margin-top-half has-background-color has-text-color\" style=\"font-size:17px;line-height:1.65\">Aper\u00e7u des principaux \u00ab groupes \u00bb de Fungi (vern. : Champignons)<\/p>\n<\/div><\/div>\n\n\n\n<hr class=\"wp-block-separator has-alpha-channel-opacity\"\/>\n\n\n\n<div class=\"wp-block-buttons is-layout-flex wp-block-buttons-is-layout-flex\">\n<div class=\"wp-block-button\"><a class=\"wp-block-button__link has-light-green-cyan-background-color has-background wp-element-button\" href=\"https:\/\/ecosystema.fr\/index.php\/2022\/10\/05\/apercu-des-principaux-groupes-de-fungi-vern-champignons\/\" rel=\"\">Acc\u00e9der \u00e0 l\u2019article<\/a><\/div>\n<\/div>\n\n\n\n<div style=\"height:30px\" aria-hidden=\"true\" class=\"wp-block-spacer\"><\/div>\n\n\n\n<div class=\"wp-block-cover alignfull\"><span aria-hidden=\"true\" class=\"wp-block-cover__background has-foreground-background-color has-background-dim-40 has-background-dim\"><\/span><img loading=\"lazy\" decoding=\"async\" width=\"1024\" height=\"681\" class=\"wp-block-cover__image-background wp-image-2837\" alt=\"\" src=\"https:\/\/ecosystema.fr\/wp-content\/uploads\/2022\/10\/13122021-_glb6799-1024x681.jpg\" data-object-fit=\"cover\" srcset=\"https:\/\/ecosystema.fr\/wp-content\/uploads\/2022\/10\/13122021-_glb6799-1024x681.jpg 1024w, https:\/\/ecosystema.fr\/wp-content\/uploads\/2022\/10\/13122021-_glb6799-300x200.jpg 300w, https:\/\/ecosystema.fr\/wp-content\/uploads\/2022\/10\/13122021-_glb6799-768x511.jpg 768w, https:\/\/ecosystema.fr\/wp-content\/uploads\/2022\/10\/13122021-_glb6799-1536x1022.jpg 1536w, https:\/\/ecosystema.fr\/wp-content\/uploads\/2022\/10\/13122021-_glb6799-2048x1362.jpg 2048w, https:\/\/ecosystema.fr\/wp-content\/uploads\/2022\/10\/13122021-_glb6799-809x538.jpg 809w\" sizes=\"auto, (max-width: 1024px) 100vw, 1024px\" \/><div class=\"wp-block-cover__inner-container is-layout-flow wp-block-cover-is-layout-flow\">\n<h3 class=\"has-text-align-center margin-bottom-half has-background-color has-text-color wp-block-heading\" style=\"font-size:35px;line-height:1.26\">Botanique \/ Bryologie<\/h3>\n\n\n\n<p class=\"has-text-align-center margin-top-half has-background-color has-text-color\" style=\"font-size:17px;line-height:1.65\">Bryophytes en Finist\u00e8re : Sainte-Anne du Portzic 2021-2022 &#8211; 1er jour initiatique<\/p>\n<\/div><\/div>\n\n\n\n<hr class=\"wp-block-separator has-alpha-channel-opacity\"\/>\n\n\n\n<div class=\"wp-block-buttons is-layout-flex wp-block-buttons-is-layout-flex\">\n<div class=\"wp-block-button\"><a class=\"wp-block-button__link has-light-green-cyan-background-color has-background wp-element-button\" href=\"https:\/\/ecosystema.fr\/index.php\/2021\/12\/13\/bryophytes-en-finistere-sainte-anne-du-portzic-2021-2022-1er-jour-initiatique\/\" rel=\"\">Acc\u00e9der \u00e0 l\u2019article<\/a><\/div>\n<\/div>\n\n\n\n<div style=\"height:30px\" aria-hidden=\"true\" class=\"wp-block-spacer\"><\/div>\n\n\n\n<div class=\"wp-block-buttons is-layout-flex wp-block-buttons-is-layout-flex\">\n<div class=\"wp-block-button\"><a class=\"wp-block-button__link has-vivid-red-background-color has-background wp-element-button\" href=\"https:\/\/ecosystema.fr\/index.php\/carnet-naturaliste\/\" rel=\"\">Revenir au Blog<\/a><\/div>\n<\/div>\n","protected":false},"excerpt":{"rendered":"<p>Ici une une liste d\u2019articles qui me tiennent \u00e0 c\u0153ur.<\/p>\n","protected":false},"author":1,"featured_media":2826,"parent":2416,"menu_order":0,"comment_status":"closed","ping_status":"closed","template":"","meta":{"footnotes":""},"class_list":["post-2838","page","type-page","status-publish","has-post-thumbnail","hentry"],"_links":{"self":[{"href":"https:\/\/ecosystema.fr\/index.php\/wp-json\/wp\/v2\/pages\/2838","targetHints":{"allow":["GET"]}}],"collection":[{"href":"https:\/\/ecosystema.fr\/index.php\/wp-json\/wp\/v2\/pages"}],"about":[{"href":"https:\/\/ecosystema.fr\/index.php\/wp-json\/wp\/v2\/types\/page"}],"author":[{"embeddable":true,"href":"https:\/\/ecosystema.fr\/index.php\/wp-json\/wp\/v2\/users\/1"}],"replies":[{"embeddable":true,"href":"https:\/\/ecosystema.fr\/index.php\/wp-json\/wp\/v2\/comments?post=2838"}],"version-history":[{"count":9,"href":"https:\/\/ecosystema.fr\/index.php\/wp-json\/wp\/v2\/pages\/2838\/revisions"}],"predecessor-version":[{"id":2856,"href":"https:\/\/ecosystema.fr\/index.php\/wp-json\/wp\/v2\/pages\/2838\/revisions\/2856"}],"up":[{"embeddable":true,"href":"https:\/\/ecosystema.fr\/index.php\/wp-json\/wp\/v2\/pages\/2416"}],"wp:featuredmedia":[{"embeddable":true,"href":"https:\/\/ecosystema.fr\/index.php\/wp-json\/wp\/v2\/media\/2826"}],"wp:attachment":[{"href":"https:\/\/ecosystema.fr\/index.php\/wp-json\/wp\/v2\/media?parent=2838"}],"curies":[{"name":"wp","href":"https:\/\/api.w.org\/{rel}","templated":true}]}}