{"id":2110,"date":"2007-01-20T17:38:24","date_gmt":"2007-01-20T16:38:24","guid":{"rendered":"http:\/\/ecosystemadotpro.wordpress.com\/?page_id=1"},"modified":"2022-10-15T06:57:01","modified_gmt":"2022-10-15T04:57:01","slug":"a-propos","status":"publish","type":"page","link":"https:\/\/ecosystema.fr\/index.php\/bienvenue-sur-ecosystema-fr-septentrionalis-depuis-1999\/carnet-naturaliste\/a-propos\/","title":{"rendered":"\u00c0 propos du site Web"},"content":{"rendered":"<h3><strong>Bienvenue sur le site nature&nbsp;! Le site des amoureux de nature en massif Armoricain et bassin s\u00e9dimentaire Parisien<\/strong><\/h3>\n<p><a href=\"https:\/\/ecosystema.fr\/index.php\/carnet-naturaliste\/\" target=\"_blank\" rel=\"noopener\">Acc\u00e9der aux articles du Blog<\/a><\/p>\n<p><img loading=\"lazy\" decoding=\"async\" src=\"https:\/\/ecosystemadotpro.files.wordpress.com\/2016\/04\/cropped-photologo_ecosystema1.jpg\" class=\"alignnone size-full wp-image-14\" alt=\"cropped-photologo_ecosystema1.jpg\" width=\"1280\" height=\"444\" srcset=\"https:\/\/ecosystema.fr\/wp-content\/uploads\/2016\/04\/cropped-photologo_ecosystema1.jpg 1280w, https:\/\/ecosystema.fr\/wp-content\/uploads\/2016\/04\/cropped-photologo_ecosystema1-300x104.jpg 300w, https:\/\/ecosystema.fr\/wp-content\/uploads\/2016\/04\/cropped-photologo_ecosystema1-1024x355.jpg 1024w, https:\/\/ecosystema.fr\/wp-content\/uploads\/2016\/04\/cropped-photologo_ecosystema1-768x266.jpg 768w, https:\/\/ecosystema.fr\/wp-content\/uploads\/2016\/04\/cropped-photologo_ecosystema1-809x281.jpg 809w\" sizes=\"auto, (max-width: 1280px) 100vw, 1280px\" \/><\/p>\n<hr>\n<p style=\"text-align: justify\">M\u00eame s&rsquo;il s&rsquo;adresse avant tout aux <strong>\u00e9cologues, naturalistes et animateurs nature<\/strong> du Nord-Ouest (bassin parisien et massif armoricain), ce site n&rsquo;est pas seulement d\u00e9di\u00e9 \u00e0 ces derniers et j&rsquo;esp\u00e8re que tout visiteur y trouvera son bonheur.<\/p>\n<p style=\"text-align: justify\">Petit \u00e0 petit, ce site &#8211; cr\u00e9e en 2007 sous iWeb-Apple &#8211; \u00e9voluera vers une grande diversification de ses pages (sous WordPress &#8211; OVH).<\/p>\n<p style=\"text-align: justify\"><strong><em>Ecosystema.fr<\/em><\/strong> est un lieu d\u2019\u00e9change sur le th\u00e8me de la nature. Il traite les th\u00e8mes naturalistes tels que la botanique, la faune (mammif\u00e8res, oiseaux, insectes), l\u2019\u00e9cologie appliqu\u00e9e et fondamentale et l\u2019environnement en g\u00e9n\u00e9ral (dont l&rsquo;\u00e9co-interpr\u00e9tation).<\/p>\n<p style=\"text-align: justify\">Le site se d\u00e9cline selon plusieurs rubriques :<\/p>\n<ul>\n<li style=\"text-align: justify\">les actualit\u00e9s nature,<\/li>\n<li style=\"text-align: justify\">les carnets (naturalistes, de voyage, d\u2019animations, de dessins et de photos).<\/li>\n<\/ul>\n<p style=\"text-align: justify\">Il est aussi agr\u00e9ment\u00e9 d\u2019humeurs (\u00e0 l\u2019expression plus personnelle), d\u2019une page de lien et de mon CV \u00e0 l\u2019attention des correspondants professionnels.<\/p>\n<hr>\n<p><b><i>Sont en pr\u00e9paration actuellement :<\/i><\/b><\/p>\n<ul>\n<li>Cours d\u2019\u00e9cologie appliqu\u00e9e et fondamentale (BTS G.PN., L3 et M1-2) ;<\/li>\n<li>Clef illustr\u00e9e des familles de la Flore du planitiaire Atlantique et Centro-europ\u00e9en ;<\/li>\n<li>Phototh\u00e8que : Les fleurs de Bretagne ;<\/li>\n<li>Illustrations : les amphibiens et reptiles de Bretagne ;<\/li>\n<li>les Orthoptera, Odonata et Lepidoptera de Bretagne.<\/li>\n<\/ul>\n<h2><em>Bonne visite sur <a href=\"https:\/\/ecosystema.fr\/index.php\/bienvenue-sur-ecosystema-fr-septentrionalis-depuis-1999\/\" target=\"_blank\" rel=\"noopener\">Ecosystema.fr<\/a><\/em><\/h2>\n<p><img loading=\"lazy\" decoding=\"async\" src=\"https:\/\/ecosystemadotpro.files.wordpress.com\/2016\/06\/gaby_ar_braz_13.jpg\" class=\"alignnone size-full wp-image-1436\" alt=\"Gaby_AR_BRAZ_1\" width=\"1225\" height=\"815\" srcset=\"https:\/\/ecosystema.fr\/wp-content\/uploads\/2016\/06\/gaby_ar_braz_13.jpg 1225w, https:\/\/ecosystema.fr\/wp-content\/uploads\/2016\/06\/gaby_ar_braz_13-300x200.jpg 300w, https:\/\/ecosystema.fr\/wp-content\/uploads\/2016\/06\/gaby_ar_braz_13-1024x681.jpg 1024w, https:\/\/ecosystema.fr\/wp-content\/uploads\/2016\/06\/gaby_ar_braz_13-768x511.jpg 768w, https:\/\/ecosystema.fr\/wp-content\/uploads\/2016\/06\/gaby_ar_braz_13-809x538.jpg 809w\" sizes=\"auto, (max-width: 1225px) 100vw, 1225px\" \/><\/p>\n<p><span class=\"s1\">Portail ECOSYSTEMA.fr par Gabriel J. LE BRAS &#8211; 1999 (sous iWeb Apple)<\/span><\/p>\n<p><span class=\"s1\">En cours de refonte depuis le 1er juin 2022 (sous WordPress)<\/span><\/p>\n<ul>\n<li class=\"p1\"><span class=\"s1\">Site enregistr\u00e9 \u00e0 la CNIL &#8211; n\u00b01257061<\/span><\/li>\n<li class=\"p2\"><span class=\"s1\">ECOSYSTEMA est une marque d\u00e9pos\u00e9e<\/span><\/li>\n<li class=\"p3\"><span class=\"s1\">Portail version 2.0<\/span><\/li>\n<li class=\"p3\">WordPress<span class=\"s1\"> 6.0<\/span><\/li>\n<li class=\"p3\"><span class=\"s1\">Touts droits de traduction, de reproduction et d&rsquo;adaptations r\u00e9serv\u00e9s \u00a9 &#8211; Ecosystema.fr<\/span><\/li>\n<\/ul>\n<figure id=\"attachment_5\" aria-describedby=\"caption-attachment-5\" style=\"width: 1642px\" class=\"wp-caption aligncenter\"><img loading=\"lazy\" decoding=\"async\" src=\"https:\/\/ecosystemadotpro.files.wordpress.com\/2016\/04\/logo-ecosystema-rvb-transparent.png\" class=\"size-medium wp-image-5\" width=\"1642\" height=\"1489\" alt=\"Logo-Ecosystema-RVB-transparent\"><figcaption id=\"caption-attachment-5\" class=\"wp-caption-text\">Une exp\u00e9rience en Massif Armoricain et Bassin Parisien<\/figcaption><\/figure>\n<p><a href=\"https:\/\/ecosystema.fr\/index.php\/carnet-naturaliste\/\" target=\"_blank\" rel=\"noopener\">Acc\u00e9der aux articles du Blog<\/a><\/p>\n","protected":false},"excerpt":{"rendered":"<p>Bonne visite sur Ecosystema.fr&#8230; le site nature<\/p>\n","protected":false},"author":1,"featured_media":0,"parent":22,"menu_order":0,"comment_status":"closed","ping_status":"open","template":"","meta":{"footnotes":""},"class_list":["post-2110","page","type-page","status-publish","hentry"],"_links":{"self":[{"href":"https:\/\/ecosystema.fr\/index.php\/wp-json\/wp\/v2\/pages\/2110","targetHints":{"allow":["GET"]}}],"collection":[{"href":"https:\/\/ecosystema.fr\/index.php\/wp-json\/wp\/v2\/pages"}],"about":[{"href":"https:\/\/ecosystema.fr\/index.php\/wp-json\/wp\/v2\/types\/page"}],"author":[{"embeddable":true,"href":"https:\/\/ecosystema.fr\/index.php\/wp-json\/wp\/v2\/users\/1"}],"replies":[{"embeddable":true,"href":"https:\/\/ecosystema.fr\/index.php\/wp-json\/wp\/v2\/comments?post=2110"}],"version-history":[{"count":10,"href":"https:\/\/ecosystema.fr\/index.php\/wp-json\/wp\/v2\/pages\/2110\/revisions"}],"predecessor-version":[{"id":2858,"href":"https:\/\/ecosystema.fr\/index.php\/wp-json\/wp\/v2\/pages\/2110\/revisions\/2858"}],"up":[{"embeddable":true,"href":"https:\/\/ecosystema.fr\/index.php\/wp-json\/wp\/v2\/pages\/22"}],"wp:attachment":[{"href":"https:\/\/ecosystema.fr\/index.php\/wp-json\/wp\/v2\/media?parent=2110"}],"curies":[{"name":"wp","href":"https:\/\/api.w.org\/{rel}","templated":true}]}}