{"id":1363,"date":"2016-06-02T20:00:50","date_gmt":"2016-06-02T18:00:50","guid":{"rendered":"https:\/\/ecosystemadotpro.wordpress.com\/?page_id=1363"},"modified":"2022-11-02T14:28:03","modified_gmt":"2022-11-02T13:28:03","slug":"about-me","status":"publish","type":"page","link":"https:\/\/ecosystema.fr\/index.php\/bienvenue-sur-ecosystema-fr-septentrionalis-depuis-1999\/carnet-naturaliste\/a-propos\/about-me\/","title":{"rendered":"About me"},"content":{"rendered":"<p><img loading=\"lazy\" decoding=\"async\" src=\"https:\/\/ecosystemadotpro.files.wordpress.com\/2016\/04\/cropped-gabygeek_100ko.jpg\" class=\"aligncenter wp-image-1365\" alt=\"cropped-gabygeek_100ko.jpg\" width=\"256\" height=\"341\"><\/p>\n<p style=\"text-align: center\">Gaby Ar Braz &#8211; Ecologue naturaliste &#8211; Eco-interpr\u00e8te<\/p>\n<p style=\"text-align: center\">Mon CV (MAJ en 2014) :&nbsp;<a title=\"CV_Ecosystema_GLB_20150122\" href=\"https:\/\/ecosystemadotpro.files.wordpress.com\/2016\/06\/cv_ecosystema_glb_20150122.pdf\" target=\"_blank\" rel=\"noopener\">CV en PDF<\/a><\/p>\n<hr>\n<p>Madame, Monsieur,<\/p>\n<p style=\"text-align: justify\">Les expertises de milieux naturels repr\u00e9sentent une activit\u00e9 en pleine expansion du fait d\u2019une meilleure prise en compte de la biodiversit\u00e9 dans le cadre des politiques environnementales ou d\u2019am\u00e9nagement du territoire, des exigences accrues des services de l\u2019Etat, des \u00e9tablissements publics et des collectivit\u00e9s territoriales (Grenelle, Trame verte et bleue, politique Natura 2000, etc.) et de la pression de l\u2019opinion publique. Les cahiers des charges sont de plus en plus enrichis par des diagnostics pointus auxquels nous devons r\u00e9pondre.<\/p>\n<p style=\"text-align: justify\">C\u2019est la raison pour laquelle, je souhaite vous apporter ma contribution&nbsp;pour r\u00e9pondre \u00e0 vos probl\u00e9matiques \u00ab&nbsp;d\u2019am\u00e9nagement&nbsp;\u00bb et donc de protection des milieux semi-naturel et naturel. Je vous propose l\u2019expertise d\u2019un \u00e9cologue naturaliste qui s\u2019appuie sur plus de 20 ans d\u2019exp\u00e9rience professionnelle dans l\u2019\u00e9tude des milieux naturels. Les missions effectu\u00e9es au sein d\u2019organismes reconnus dans la gestion et la connaissance des milieux naturels (Conservatoire r\u00e9gional d\u2019espaces naturels, Conservatoire botanique national, Minist\u00e8re) et quatre ans d\u2019activit\u00e9 comme consultant ind\u00e9pendant ; d\u00e8s lors je puis vous apporter des comp\u00e9tences reconnues pour l\u2019\u00e9tude des habitats naturels des plaines du territoire des plaines de France.<\/p>\n<p style=\"text-align: justify\">Notre collaboration vous pr\u00e9munira des mauvaises surprises sur certains dossiers o\u00f9 la sensibilit\u00e9 des espaces naturels est av\u00e9r\u00e9e. En effet, ma pluridisciplinarit\u00e9&nbsp; vous apportera des expertises s\u00e9rieuses essentielles lors des processus de concertation mettant en jeux des acteurs de plus en plus exigeants en terme d\u2019environnement (DREAL, Associations, usagers, etc.)<\/p>\n<p style=\"text-align: justify\">Concr\u00e8tement je vous propose de participer \u00e0 la ma\u00eetrise des \u00e9tudes d\u2019impacts flore et habitats, relatives aux projets \u00ab&nbsp;d\u2019am\u00e9nagement&nbsp;\u00bb Bretagne et Loire et aussi de partager mes observation naturaliste et r\u00e9flexions environnementalistes.<\/p>\n<p style=\"text-align: justify\">Puissions-nous construire de concert des projets de territoires coh\u00e9rents et r\u00e9alistes, en nourrissant \u00e0 la fois des volont\u00e9s de conservation de la biodiversit\u00e9 et de d\u00e9veloppement harmonieux des populations locales.<\/p>\n<p>Cordialement,<\/p>\n<p>Mercredi 1er juin&nbsp;2022<\/p>\n<pre>Gaby AR BRAZ - Ecosystema.fr<\/pre>\n<figure id=\"attachment_1436\" aria-describedby=\"caption-attachment-1436\" style=\"width: 300px\" class=\"wp-caption aligncenter\"><img loading=\"lazy\" decoding=\"async\" src=\"https:\/\/ecosystema.fr\/wp-content\/uploads\/2016\/06\/gaby_ar_braz_13-300x200.jpg\" class=\"size-medium wp-image-1436\" width=\"300\" height=\"200\" alt=\"Gaby_AR_BRAZ_1\" srcset=\"https:\/\/ecosystema.fr\/wp-content\/uploads\/2016\/06\/gaby_ar_braz_13-300x200.jpg 300w, https:\/\/ecosystema.fr\/wp-content\/uploads\/2016\/06\/gaby_ar_braz_13-1024x681.jpg 1024w, https:\/\/ecosystema.fr\/wp-content\/uploads\/2016\/06\/gaby_ar_braz_13-768x511.jpg 768w, https:\/\/ecosystema.fr\/wp-content\/uploads\/2016\/06\/gaby_ar_braz_13-809x538.jpg 809w, https:\/\/ecosystema.fr\/wp-content\/uploads\/2016\/06\/gaby_ar_braz_13.jpg 1225w\" sizes=\"auto, (max-width: 300px) 100vw, 300px\" \/><figcaption id=\"caption-attachment-1436\" class=\"wp-caption-text\">Gaby AR BRAZ \u00e0 BREST 2012 &#8211; Regroupement de voiles traditionnelles<\/figcaption><\/figure>\n","protected":false},"excerpt":{"rendered":"<p>Gaby Ar Braz &#8211; Ecologue naturaliste &#8211; Eco-interpr\u00e8te Mon CV (MAJ en 2014) :&nbsp;CV en PDF Madame, Monsieur, Les expertises de milieux naturels repr\u00e9sentent une activit\u00e9 en pleine expansion du fait d\u2019une meilleure prise en compte de la biodiversit\u00e9 dans le cadre des politiques environnementales ou d\u2019am\u00e9nagement du territoire, des exigences accrues des services de&hellip;<\/p>\n","protected":false},"author":1,"featured_media":2213,"parent":2110,"menu_order":0,"comment_status":"closed","ping_status":"closed","template":"","meta":{"footnotes":""},"class_list":["post-1363","page","type-page","status-publish","has-post-thumbnail","hentry"],"_links":{"self":[{"href":"https:\/\/ecosystema.fr\/index.php\/wp-json\/wp\/v2\/pages\/1363","targetHints":{"allow":["GET"]}}],"collection":[{"href":"https:\/\/ecosystema.fr\/index.php\/wp-json\/wp\/v2\/pages"}],"about":[{"href":"https:\/\/ecosystema.fr\/index.php\/wp-json\/wp\/v2\/types\/page"}],"author":[{"embeddable":true,"href":"https:\/\/ecosystema.fr\/index.php\/wp-json\/wp\/v2\/users\/1"}],"replies":[{"embeddable":true,"href":"https:\/\/ecosystema.fr\/index.php\/wp-json\/wp\/v2\/comments?post=1363"}],"version-history":[{"count":7,"href":"https:\/\/ecosystema.fr\/index.php\/wp-json\/wp\/v2\/pages\/1363\/revisions"}],"predecessor-version":[{"id":2939,"href":"https:\/\/ecosystema.fr\/index.php\/wp-json\/wp\/v2\/pages\/1363\/revisions\/2939"}],"up":[{"embeddable":true,"href":"https:\/\/ecosystema.fr\/index.php\/wp-json\/wp\/v2\/pages\/2110"}],"wp:featuredmedia":[{"embeddable":true,"href":"https:\/\/ecosystema.fr\/index.php\/wp-json\/wp\/v2\/media\/2213"}],"wp:attachment":[{"href":"https:\/\/ecosystema.fr\/index.php\/wp-json\/wp\/v2\/media?parent=1363"}],"curies":[{"name":"wp","href":"https:\/\/api.w.org\/{rel}","templated":true}]}}